{"id":3,"date":"2024-06-11T16:33:27","date_gmt":"2024-06-11T14:33:27","guid":{"rendered":"https:\/\/licencjaspedycyjna.pl\/?page_id=3"},"modified":"2024-06-13T21:42:09","modified_gmt":"2024-06-13T19:42:09","slug":"datenschutzbestimmungen","status":"publish","type":"page","link":"https:\/\/licencjaspedycyjna.pl\/de\/polityka-prywatnosci","title":{"rendered":"Datenschutzbestimmungen"},"content":{"rendered":"<h2 class=\"wp-block-heading\">Allgemeine Informationen<\/h2>\n\n\n\n<ul class=\"wp-block-list\">\n<li>Diese Politik gilt f\u00fcr die Website, die unter der Url:\u00a0<strong><a href=\"https:\/\/\/de\/licencjaspedycyjna.pl\/\" target=\"_blank\" rel=\"noreferrer noopener\"><strong>licencjaspedycyjna.pl<\/strong><\/a><\/strong><\/li>\n\n\n\n<li><strong>\u200d<\/strong>Der Betreiber des Dienstes und Verwalter der pers\u00f6nlichen Daten ist: COMGES Sp. z o.o.<br>ul.Boles\u0142awa Krzywoustego 74 51-166 Wroc\u0142aw NIP: 8952071684 Regon: 363733738 KRS: 0000602568<\/li>\n\n\n\n<li>Der Betreiber ist der Verwalter Ihrer pers\u00f6nlichen Daten in Bezug auf die Daten, die Sie freiwillig auf der Website angeben.<\/li>\n<\/ul>\n\n\n\n<p>Der Dienst verwendet personenbezogene Daten f\u00fcr die folgenden Zwecke:<\/p>\n\n\n\n<ul class=\"wp-block-list\">\n<li>Bearbeitung von Anfragen \u00fcber das Formular<\/li>\n\n\n\n<li>Erbringung der gew\u00fcnschten Dienstleistungen<\/li>\n\n\n\n<li>Pr\u00e4sentation eines Angebots oder einer Information<\/li>\n\n\n\n<li>F\u00fchren eines Online-Chats<\/li>\n\n\n\n<li>Erstellung eines Newsletters<\/li>\n<\/ul>\n\n\n\n<p>Der Dienst f\u00fchrt Funktionen aus, um Informationen \u00fcber die Nutzer und ihr Verhalten auf folgende Weise zu erhalten:<\/p>\n\n\n\n<ul class=\"wp-block-list\">\n<li>Durch die freiwillig in die Formulare eingegebenen Daten, die in die Systeme des Betreibers eingegeben werden.<\/li>\n\n\n\n<li>Durch die Speicherung von Cookies (sog. \"Cookies\") auf den Endger\u00e4ten.<\/li>\n<\/ul>\n\n\n\n<h3 class=\"wp-block-heading\">Ausgew\u00e4hlte Datenschutzmethoden des Betreibers<\/h3>\n\n\n\n<p>Die Login- und Personendaten-Eingabeseiten sind in der \u00dcbertragungsschicht gesch\u00fctzt (SSL-Zertifikat). Dadurch wird sichergestellt, dass die auf der Website eingegebenen pers\u00f6nlichen Daten und Anmeldedaten auf dem Computer des Benutzers verschl\u00fcsselt werden und nur auf dem Zielserver gelesen werden k\u00f6nnen. Der Betreiber \u00e4ndert in regelm\u00e4\u00dfigen Abst\u00e4nden seine administrativen Passw\u00f6rter. Um die Daten zu sch\u00fctzen, erstellt der Betreiber regelm\u00e4\u00dfig Sicherheitskopien. Ein wichtiges Element des Datenschutzes ist die regelm\u00e4\u00dfige Aktualisierung der gesamten Software, die der Betreiber zur Verarbeitung personenbezogener Daten einsetzt, d.h. insbesondere die regelm\u00e4\u00dfige Aktualisierung von Softwarekomponenten.<\/p>\n\n\n\n<h3 class=\"wp-block-heading\">Ihre Rechte und zus\u00e4tzliche Informationen \u00fcber die Verwendung Ihrer Daten<\/h3>\n\n\n\n<p>In bestimmten Situationen hat der Verwalter das Recht, Ihre personenbezogenen Daten an andere Empf\u00e4nger zu \u00fcbermitteln, wenn dies f\u00fcr die Erf\u00fcllung eines mit Ihnen geschlossenen Vertrags oder f\u00fcr die Erf\u00fcllung der dem Verwalter obliegenden Verpflichtungen erforderlich ist. Dies gilt f\u00fcr solche Gruppen von Empf\u00e4ngern:<\/p>\n\n\n\n<ul class=\"wp-block-list\">\n<li>Hosting-Unternehmen auf delegierter Basis<\/li>\n\n\n\n<li>autorisierte Mitarbeiter und Partner, die die Daten zur Erf\u00fcllung des Zwecks der Website verwenden<\/li>\n<\/ul>\n\n\n\n<p>Ihre personenbezogenen Daten werden vom Verwalter nur so lange verarbeitet, wie es f\u00fcr die Durchf\u00fchrung der damit verbundenen T\u00e4tigkeiten erforderlich ist, die in gesonderten Vorschriften festgelegt sind (z. B. zur Buchf\u00fchrung). Im Hinblick auf Marketingdaten werden die Daten nicht l\u00e4nger als 3 Jahre verarbeitet.<\/p>\n\n\n\n<p>Sie haben das Recht, sich an den Verwalter zu wenden:<\/p>\n\n\n\n<ul class=\"wp-block-list\">\n<li>Zugang zu den Sie betreffenden personenbezogenen Daten,<\/li>\n\n\n\n<li>ihre Berichtigung,<\/li>\n\n\n\n<li>L\u00f6schungen,<\/li>\n\n\n\n<li>Einschr\u00e4nkung der Verarbeitung,<\/li>\n\n\n\n<li>und Daten\u00fcbertragbarkeit.<\/li>\n<\/ul>\n\n\n\n<p>Sie haben das Recht, der unter 3.3 c) genannten Verarbeitung Ihrer personenbezogenen Daten zur Wahrung der berechtigten Interessen des f\u00fcr die Verarbeitung Verantwortlichen, einschlie\u00dflich des Profilings, zu widersprechen, wobei das Widerspruchsrecht nicht ausge\u00fcbt werden kann, wenn berechtigte Gr\u00fcnde f\u00fcr die Verarbeitung vorliegen, die Ihre Interessen, Rechte und Freiheiten \u00fcberwiegen, insbesondere die Feststellung, Geltendmachung oder Verteidigung von Anspr\u00fcchen.<\/p>\n\n\n\n<p>Gegen die Handlungen des Verwalters kann beim Pr\u00e4sidenten des Amtes f\u00fcr den Schutz personenbezogener Daten, ul. Stawki 2, 00-193 Warschau, Beschwerde eingelegt werden.<\/p>\n\n\n\n<p>Die Angabe von personenbezogenen Daten ist freiwillig, aber f\u00fcr den Betrieb des Dienstes erforderlich.<\/p>\n\n\n\n<p>Eine automatisierte Entscheidungsfindung, einschlie\u00dflich Profiling, kann in Bezug auf Sie zum Zweck der Erbringung von Dienstleistungen im Rahmen des geschlossenen Vertrags und zum Zweck der Direktwerbung durch den Verwalter erfolgen.<\/p>\n\n\n\n<p>Personenbezogene Daten werden nicht aus Drittl\u00e4ndern im Sinne der Datenschutzgesetzgebung \u00fcbermittelt. Das bedeutet, dass wir sie nicht in L\u00e4nder au\u00dferhalb der Europ\u00e4ischen Union \u00fcbermitteln.<\/p>\n\n\n\n<h3 class=\"wp-block-heading\">Informationen in den Formularen<\/h3>\n\n\n\n<p>Der Dienst sammelt Informationen, die der Nutzer freiwillig zur Verf\u00fcgung stellt, einschlie\u00dflich personenbezogener Daten, sofern diese angegeben werden. Der Dienst kann Informationen \u00fcber die Verbindungsparameter (Zeitstempel, IP-Adresse) aufzeichnen. In einigen F\u00e4llen kann der Dienst Informationen aufzeichnen, um die Verkn\u00fcpfung der Daten im Formular mit der E-Mail-Adresse des Benutzers, der das Formular ausf\u00fcllt, zu erleichtern. In diesem Fall erscheint die E-Mail-Adresse des Nutzers innerhalb der URL der Seite, die das Formular enth\u00e4lt. Die im Formular angegebenen Daten werden zu dem Zweck verarbeitet, der sich aus der Funktion des jeweiligen Formulars ergibt, z. B. zur Bearbeitung einer Dienstleistungsanfrage oder eines Gesch\u00e4ftskontakts, zur Registrierung von Dienstleistungen usw. In jedem Fall geht aus dem Kontext und der Beschreibung des Formulars klar hervor, wof\u00fcr es verwendet wird.<\/p>\n\n\n\n<h3 class=\"wp-block-heading\">Administrator-Protokolle<\/h3>\n\n\n\n<p>Informationen \u00fcber das Nutzerverhalten auf der Website k\u00f6nnen protokolliert werden. Diese Daten werden f\u00fcr die Verwaltung der Website verwendet.<\/p>\n\n\n\n<h3 class=\"wp-block-heading\">Wesentliche Marketingtechniken<\/h3>\n\n\n\n<p>Der Betreiber nutzt die statistische Auswertung des Website-Verkehrs \u00fcber Google Analytics (Google Inc., mit Sitz in den USA). Der Betreiber \u00fcbermittelt keine personenbezogenen Daten an den Betreiber dieses Dienstes, sondern nur anonymisierte Informationen. Der Dienst basiert auf der Verwendung von Cookies auf dem Endger\u00e4t des Nutzers. Was die vom Google-Werbenetzwerk gesammelten Informationen \u00fcber die Nutzerpr\u00e4ferenzen betrifft, so kann der Nutzer die aus den Cookies resultierenden Informationen mit Hilfe eines Tools einsehen und bearbeiten:&nbsp;<a href=\"https:\/\/www.google.com\/ads\/preferences\/\" target=\"_blank\" rel=\"noreferrer noopener\">https:\/\/www.google.com\/ads\/preferences\/<\/a><br>\u200d<br>Der Betreiber verwendet Remarketing-Techniken, um Werbebotschaften auf das Verhalten des Nutzers auf der Website abzustimmen, was den Anschein erwecken kann, dass die pers\u00f6nlichen Daten des Nutzers verwendet werden, um den Nutzer zu verfolgen, aber in der Praxis werden keine pers\u00f6nlichen Daten vom Betreiber an die Werbebetreiber \u00fcbertragen. Eine technische Voraussetzung f\u00fcr solche Aktivit\u00e4ten ist die Aktivierung von Cookies. Der Betreiber verwendet das Facebook-Pixel. Diese Technologie bedeutet, dass Facebook (Facebook Inc., USA) wei\u00df, dass eine bei ihm registrierte Person die Website nutzt. Der Betreiber \u00fcbertr\u00e4gt keine weiteren personenbezogenen Daten an Facebook. Der Dienst basiert auf der Verwendung von Cookies auf dem Endger\u00e4t des Nutzers.<\/p>\n\n\n\n<h3 class=\"wp-block-heading\">Informationen \u00fcber Cookies<\/h3>\n\n\n\n<p>Die Website verwendet Cookies. Cookies (sog. \"Kekse\") sind IT-Daten, insbesondere Textdateien, die auf dem Endger\u00e4t des Dienstnutzers gespeichert werden und f\u00fcr die Nutzung der Website bestimmt sind. Cookies enthalten in der Regel den Namen der Website, von der sie stammen, den Zeitpunkt der Speicherung auf dem Endger\u00e4t und eine eindeutige Nummer. Die Stelle, die Cookies auf dem Endger\u00e4t eines Nutzers platziert und Zugang zu ihnen erh\u00e4lt, ist der Betreiber des Dienstes.<\/p>\n\n\n\n<p>Cookies werden f\u00fcr die folgenden Zwecke verwendet:<\/p>\n\n\n\n<ul class=\"wp-block-list\">\n<li>Aufrechterhaltung einer Sitzung des Website-Benutzers (nach dem Einloggen), dank derer der Benutzer sein Login und sein Passwort nicht auf jeder Unterseite der Website erneut eingeben muss;<\/li>\n\n\n\n<li>um die oben unter \"Wesentliche Marketingtechniken\" genannten Ziele zu erreichen;<\/li>\n<\/ul>\n\n\n\n<p>Die Website verwendet zwei Haupttypen von Cookies: \"Session\" (Sitzungscookies) und \"permanente\" (dauerhafte Cookies). \"Sitzungs-Cookies\" sind tempor\u00e4re Dateien, die auf dem Endger\u00e4t des Nutzers gespeichert werden, bis dieser sich abmeldet, die Website verl\u00e4sst oder die Software (Webbrowser) ausschaltet. \"Dauerhafte\" Cookies werden auf dem Endger\u00e4t des Nutzers f\u00fcr die in den Cookie-Parametern angegebene Zeit oder bis zu ihrer L\u00f6schung durch den Nutzer gespeichert.<br>\u200d<br>Die Web-Browsing-Software (Webbrowser) erlaubt in der Regel standardm\u00e4\u00dfig die Speicherung von Cookies auf dem Endger\u00e4t des Nutzers. Die Nutzer der Website k\u00f6nnen ihre diesbez\u00fcglichen Einstellungen \u00e4ndern. Ihr Webbrowser erm\u00f6glicht es Ihnen, Cookies zu l\u00f6schen. Es ist auch m\u00f6glich, Cookies automatisch zu blockieren. Einzelheiten hierzu entnehmen Sie bitte der Hilfe oder Dokumentation Ihres Internet-Browsers.<br><br>Die Einschr\u00e4nkung der Verwendung von Cookies kann einige der auf der Website verf\u00fcgbaren Funktionen beeintr\u00e4chtigen. Cookies, die im Endger\u00e4t des Dienstnutzers platziert werden, k\u00f6nnen auch von Einrichtungen verwendet werden, die mit dem Dienstbetreiber zusammenarbeiten, insbesondere von Unternehmen: Google (Google Inc. mit Sitz in den USA), Facebook (Facebook Inc. mit Sitz in den USA), Twitter (Twitter Inc. mit Sitz in den USA).<\/p>\n\n\n\n<p>\u200d<\/p>\n\n\n\n<h3 class=\"wp-block-heading\">Cookie-Verwaltung<\/h3>\n\n\n\n<p>Wenn Sie keine Cookies erhalten m\u00f6chten, k\u00f6nnen Sie Ihre Browsereinstellungen \u00e4ndern. Bitte beachten Sie, dass die Deaktivierung von Cookies, die f\u00fcr Authentifizierungsprozesse, die Sicherheit und die Beibehaltung von Benutzerpr\u00e4ferenzen unerl\u00e4sslich sind, die Nutzung der Websites erschweren und in extremen F\u00e4llen unm\u00f6glich machen kann.<\/p>\n\n\n\n<p>Um Ihre Cookie-Einstellungen zu verwalten, w\u00e4hlen Sie den von Ihnen verwendeten Webbrowser aus der nachstehenden Liste aus und folgen Sie den Anweisungen:<\/p>\n\n\n\n<ul class=\"wp-block-list\">\n<li><a href=\"https:\/\/support.microsoft.com\/pl-pl\/microsoft-edge\/wy%C5%9Bwietlanie-i-usuwanie-historii-przegl%C4%85darki-w-programie-microsoft-edge-00cf7943-a9e1-975a-a33d-ac10ce454ca4\" target=\"_blank\" rel=\"noreferrer noopener\">Kante<\/a><\/li>\n\n\n\n<li><a href=\"https:\/\/support.microsoft.com\/pl-pl\/topic\/jak-usun%C4%85%C4%87-pliki-cookie-w-programie-internet-explorer-bca9446f-d873-78de-77ba-d42645fa52fc\" target=\"_blank\" rel=\"noreferrer noopener\">Internet Explorer<\/a><\/li>\n\n\n\n<li><a href=\"https:\/\/support.google.com\/chrome\/answer\/95647?hl=pl\" target=\"_blank\" rel=\"noreferrer noopener\">Chrom<\/a><\/li>\n\n\n\n<li><a href=\"https:\/\/support.apple.com\/pl-pl\/guide\/safari\/sfri11471\/mac\" target=\"_blank\" rel=\"noreferrer noopener\">Safari<\/a><\/li>\n\n\n\n<li><a href=\"https:\/\/help.opera.com\/pl\/latest\/web-preferences\/#cookies\" target=\"_blank\" rel=\"noreferrer noopener\">Oper<\/a><\/li>\n\n\n\n<li><a href=\"https:\/\/support.mozilla.org\/pl\/kb\/wzmocniona-ochrona-przed-sledzeniem-firefox-desktop?redirectslug=W%C5%82%C4%85czanie+i+wy%C5%82%C4%85czanie+obs%C5%82ugi+ciasteczek&amp;redirectlocale=pl\" target=\"_blank\" rel=\"noreferrer noopener\">Firefox<\/a><\/li>\n<\/ul>\n\n\n\n<p>Mobile Ger\u00e4te:<\/p>\n\n\n\n<ul class=\"wp-block-list\">\n<li><a href=\"https:\/\/support.google.com\/chrome\/answer\/95647?hl=pl\" target=\"_blank\" rel=\"noreferrer noopener\">Android<\/a><\/li>\n\n\n\n<li><a href=\"https:\/\/support.apple.com\/pl-pl\/HT201265\" target=\"_blank\" rel=\"noreferrer noopener\">Safari (iOS)<\/a><\/li>\n\n\n\n<li><a href=\"https:\/\/support.microsoft.com\/pl-pl\/windows\/windows-phone-7-3ebc303c-59c0-d367-3995-f258b184fabb\" target=\"_blank\" rel=\"noreferrer noopener\">Windows Phone<\/a><\/li>\n<\/ul>","protected":false},"excerpt":{"rendered":"<p>Informacje og\u00f3lne Serwis wykorzystuje dane osobowe w nast\u0119puj\u0105cych celach: Serwis realizuje funkcje pozyskiwania informacji o u\u017cytkownikach i ich zachowaniu w nast\u0119puj\u0105cy spos\u00f3b: Wybrane metody ochrony danych stosowane przez Operatora Miejsca logowania i wprowadzania danych osobowych s\u0105 chronione w warstwie transmisji (certyfikat SSL). Dzi\u0119ki temu dane osobowe i dane logowania, wprowadzone na stronie, zostaj\u0105 zaszyfrowane w [&hellip;]<\/p>\n","protected":false},"author":1,"featured_media":0,"parent":0,"menu_order":0,"comment_status":"closed","ping_status":"open","template":"","meta":{"footnotes":""},"class_list":["post-3","page","type-page","status-publish","hentry"],"_links":{"self":[{"href":"https:\/\/licencjaspedycyjna.pl\/de\/wp-json\/wp\/v2\/pages\/3","targetHints":{"allow":["GET"]}}],"collection":[{"href":"https:\/\/licencjaspedycyjna.pl\/de\/wp-json\/wp\/v2\/pages"}],"about":[{"href":"https:\/\/licencjaspedycyjna.pl\/de\/wp-json\/wp\/v2\/types\/page"}],"author":[{"embeddable":true,"href":"https:\/\/licencjaspedycyjna.pl\/de\/wp-json\/wp\/v2\/users\/1"}],"replies":[{"embeddable":true,"href":"https:\/\/licencjaspedycyjna.pl\/de\/wp-json\/wp\/v2\/comments?post=3"}],"version-history":[{"count":0,"href":"https:\/\/licencjaspedycyjna.pl\/de\/wp-json\/wp\/v2\/pages\/3\/revisions"}],"wp:attachment":[{"href":"https:\/\/licencjaspedycyjna.pl\/de\/wp-json\/wp\/v2\/media?parent=3"}],"curies":[{"name":"wp","href":"https:\/\/api.w.org\/{rel}","templated":true}]}}